{"id":3085,"date":"2020-08-21T07:26:54","date_gmt":"2020-08-21T07:26:54","guid":{"rendered":"https:\/\/cooperative-digital.solutions\/?page_id=3085"},"modified":"2022-03-13T16:17:47","modified_gmt":"2022-03-13T16:17:47","slug":"emikat","status":"publish","type":"page","link":"https:\/\/cooperative-digital.solutions\/de\/emikat\/","title":{"rendered":"EMIKAT"},"content":{"rendered":"<div data-elementor-type=\"wp-page\" data-elementor-id=\"3085\" class=\"elementor elementor-3085\" data-elementor-post-type=\"page\">\n\t\t\t\t\t\t<section class=\"elementor-section elementor-top-section elementor-element elementor-element-a594d78 elementor-section-full_width elementor-section-height-min-height elementor-section-stretched elementor-section-height-default elementor-section-items-middle\" data-id=\"a594d78\" data-element_type=\"section\" data-e-type=\"section\" data-settings=\"{&quot;stretch_section&quot;:&quot;section-stretched&quot;,&quot;background_background&quot;:&quot;classic&quot;}\">\n\t\t\t\t\t\t<div class=\"elementor-container elementor-column-gap-default\">\n\t\t\t\t\t<div class=\"elementor-column elementor-col-100 elementor-top-column elementor-element elementor-element-05ffc09\" data-id=\"05ffc09\" data-element_type=\"column\" data-e-type=\"column\">\n\t\t\t<div class=\"elementor-widget-wrap elementor-element-populated\">\n\t\t\t\t\t\t<div class=\"elementor-element elementor-element-a878131 elementor-widget elementor-widget-heading\" data-id=\"a878131\" data-element_type=\"widget\" data-e-type=\"widget\" data-widget_type=\"heading.default\">\n\t\t\t\t<div class=\"elementor-widget-container\">\n\t\t\t\t\t<h2 class=\"elementor-heading-title elementor-size-default\">COOPERATIVE DIGITAL TECHNOLOGIES<\/h2>\t\t\t\t<\/div>\n\t\t\t\t<\/div>\n\t\t\t\t<div class=\"elementor-element elementor-element-e3eabb5 elementor-widget elementor-widget-heading\" data-id=\"e3eabb5\" data-element_type=\"widget\" data-e-type=\"widget\" data-widget_type=\"heading.default\">\n\t\t\t\t<div class=\"elementor-widget-container\">\n\t\t\t\t\t<h1 class=\"elementor-heading-title elementor-size-default\">EMIKAT<\/h1>\t\t\t\t<\/div>\n\t\t\t\t<\/div>\n\t\t\t\t<div class=\"elementor-element elementor-element-6676508 elementor-widget elementor-widget-text-editor\" data-id=\"6676508\" data-element_type=\"widget\" data-e-type=\"widget\" data-widget_type=\"text-editor.default\">\n\t\t\t\t<div class=\"elementor-widget-container\">\n\t\t\t\t\t\t\t\t\t<p class=\"translation-block\">Die Komplettl\u00f6sung zur <strong>Verwaltung<\/strong> und <strong>Analyse<\/strong> von Emissionsdaten<\/p>\t\t\t\t\t\t\t\t<\/div>\n\t\t\t\t<\/div>\n\t\t\t\t\t<\/div>\n\t\t<\/div>\n\t\t\t\t\t<\/div>\n\t\t<\/section>\n\t\t\t\t<section class=\"elementor-section elementor-top-section elementor-element elementor-element-51b675e elementor-section-boxed elementor-section-height-default elementor-section-height-default\" data-id=\"51b675e\" data-element_type=\"section\" data-e-type=\"section\">\n\t\t\t\t\t\t<div class=\"elementor-container elementor-column-gap-default\">\n\t\t\t\t\t<div class=\"elementor-column elementor-col-100 elementor-top-column elementor-element elementor-element-a7c6812\" data-id=\"a7c6812\" data-element_type=\"column\" data-e-type=\"column\">\n\t\t\t<div class=\"elementor-widget-wrap elementor-element-populated\">\n\t\t\t\t\t\t<div class=\"elementor-element elementor-element-f5f95c1 elementor-widget elementor-widget-heading\" data-id=\"f5f95c1\" data-element_type=\"widget\" data-e-type=\"widget\" data-widget_type=\"heading.default\">\n\t\t\t\t<div class=\"elementor-widget-container\">\n\t\t\t\t\t<h2 class=\"elementor-heading-title elementor-size-default\">Warum EMIKAT?<\/h2>\t\t\t\t<\/div>\n\t\t\t\t<\/div>\n\t\t\t\t<div class=\"elementor-element elementor-element-ea7262f elementor-widget elementor-widget-text-editor\" data-id=\"ea7262f\" data-element_type=\"widget\" data-e-type=\"widget\" data-widget_type=\"text-editor.default\">\n\t\t\t\t<div class=\"elementor-widget-container\">\n\t\t\t\t\t\t\t\t\t<p>Saubere Luft ist f\u00fcr die Aufrechterhaltung einer hohen Lebensqualit\u00e4t von gr\u00f6\u00dfter Bedeutung. Treibhausgase und Luftschadstoffe (z.B. CO2, Feinstaub, Kohlenmonoxid, Stickoxide usw.) sind Nebenprodukte verschiedener wirtschaftlicher Aktivit\u00e4ten wie Strom- und W\u00e4rmeerzeugung, industrielle Prozesse und Verkehr. Um die Ist-Situation ermitteln und effektive und kosteneffiziente Ma\u00dfnahmen zur Reduktion von Luftschadstoffen und Treibhausgasen ermitteln zu k\u00f6nnen, ist der Einsatz eines hochwertigen Datenmanagementsystems erforderlich. Mit EMIKAT k\u00f6nnen Szenarien erstellt, gespeichert, berechnet, angezeigt und verglichen werden. Auf diese Weise ist es m\u00f6glich, die Auswirkungen geplanter Ma\u00dfnahmen abzusch\u00e4tzen und deren Effizienz zu bewerten. Beispielsweise k\u00f6nnen Emissionseinsparungen durch die F\u00f6rderung der Elektromobilit\u00e4t oder Subventionen f\u00fcr erneuerbare Energien quantifiziert werden. Das neue System tr\u00e4gt somit zur \u00dcberwachung und Verbesserung der Umweltqualit\u00e4t bei und steigert die Lebensqualit\u00e4t.\u00a0<strong>high quality of life<\/strong>. Greenhouse gases and air pollutants (e.g. CO2, particulate matter, carbon monoxide, nitrogen oxides etc.) are by-products of various\u00a0<strong>economic activities<\/strong>\u00a0such as power and heat production, industrial processes and traffic. The use of a high-quality\u00a0<strong>data management system<\/strong>\u00a0is necessary to determine the current situation and to identify\u00a0<strong>effective<\/strong>\u00a0and<strong>\u00a0cost-efficient<\/strong>\u00a0measures to<strong>\u00a0reduce<\/strong> air pollutants and greenhouse gases.With EMIKAT scenarios can be <strong>created<\/strong>,\u00a0<strong>saved<\/strong>,\u00a0<strong>calculated<\/strong>,\u00a0<strong>displayed<\/strong>\u00a0and\u00a0<strong>compared<\/strong>. In this way it is possible to assess the impacts of intended measures and to evaluate their efficiency. For example,\u00a0<strong>emission savings<\/strong>\u00a0from the promotion of electric mobility or subsidies for<strong>\u00a0renewable energy<\/strong>\u00a0can be quantified. The new system thus helps to\u00a0<strong>monitor<\/strong>\u00a0and\u00a0<strong>improve<\/strong>\u00a0environmental quality and enhances the quality of life.<\/p>\t\t\t\t\t\t\t\t<\/div>\n\t\t\t\t<\/div>\n\t\t\t\t<div class=\"elementor-element elementor-element-20df671 elementor-widget elementor-widget-text-editor\" data-id=\"20df671\" data-element_type=\"widget\" data-e-type=\"widget\" data-widget_type=\"text-editor.default\">\n\t\t\t\t<div class=\"elementor-widget-container\">\n\t\t\t\t\t\t\t\t\t<p class=\"translation-block\">EMIKAT ist ein hochwertiges Datenmanagement und -analysesystem, das detaillierte Emissions- und Energieinventare liefert und eine fundierte Entscheidungsfindung zur Verminderung der Freisetzung von Luftschadstoffen erm\u00f6glicht. Das System kann zur Berechnung und Visualisierung aktueller und zuk\u00fcnftiger \u201cwhat if\u201d-Szenarien von Umweltauswirkungen verwendet werden. Damit k\u00f6nnen beispielsweise wichtige Zukunftsthemen f\u00fcr die Stadtplanung wie die Auswirkungen der Klimaerw\u00e4rmung oder Ma\u00dfnahmen zur Dekarbonisierung simuliert werden. Es liefert ein zeitlich und r\u00e4umlich aufgel\u00f6stes Bild des Energieverbrauchs der Endverbraucher und der Luftschadstoff- und Treibhausgasemissionen. Damit erm\u00f6glicht das System die Analyse von Energieverbrauch und Schadstoffemissionen f\u00fcr verschiedene r\u00e4umliche Einheiten und unterschiedliche Zeitr\u00e4ume.<\/p>\t\t\t\t\t\t\t\t<\/div>\n\t\t\t\t<\/div>\n\t\t\t\t<div class=\"elementor-element elementor-element-5f34acc elementor-widget elementor-widget-image\" data-id=\"5f34acc\" data-element_type=\"widget\" data-e-type=\"widget\" data-widget_type=\"image.default\">\n\t\t\t\t<div class=\"elementor-widget-container\">\n\t\t\t\t\t\t\t\t\t\t\t\t\t\t\t\t<a href=\"https:\/\/cooperative-digital.solutions\/wp-content\/uploads\/2020\/08\/Grafik-EMIKAT-1.png\" data-elementor-open-lightbox=\"yes\" data-elementor-lightbox-title=\"Grafik EMIKAT\" data-e-action-hash=\"#elementor-action%3Aaction%3Dlightbox%26settings%3DeyJpZCI6Mjc3NCwidXJsIjoiaHR0cHM6XC9cL2Nvb3BlcmF0aXZlLWRpZ2l0YWwuc29sdXRpb25zXC93cC1jb250ZW50XC91cGxvYWRzXC8yMDIwXC8wOFwvR3JhZmlrLUVNSUtBVC0xLnBuZyJ9\">\n\t\t\t\t\t\t\t<img fetchpriority=\"high\" decoding=\"async\" width=\"1482\" height=\"406\" src=\"https:\/\/cooperative-digital.solutions\/wp-content\/uploads\/2020\/08\/Grafik-EMIKAT-1.png\" class=\"attachment-full size-full wp-image-2774\" alt=\"\" srcset=\"https:\/\/cooperative-digital.solutions\/wp-content\/uploads\/2020\/08\/Grafik-EMIKAT-1.png 1482w, https:\/\/cooperative-digital.solutions\/wp-content\/uploads\/2020\/08\/Grafik-EMIKAT-1-300x82.png 300w, https:\/\/cooperative-digital.solutions\/wp-content\/uploads\/2020\/08\/Grafik-EMIKAT-1-1024x281.png 1024w, https:\/\/cooperative-digital.solutions\/wp-content\/uploads\/2020\/08\/Grafik-EMIKAT-1-768x210.png 768w\" sizes=\"(max-width: 1482px) 100vw, 1482px\" \/>\t\t\t\t\t\t\t\t<\/a>\n\t\t\t\t\t\t\t\t\t\t\t\t\t\t\t<\/div>\n\t\t\t\t<\/div>\n\t\t\t\t\t<\/div>\n\t\t<\/div>\n\t\t\t\t\t<\/div>\n\t\t<\/section>\n\t\t\t\t<section class=\"elementor-section elementor-top-section elementor-element elementor-element-4e1f4db elementor-section-stretched elementor-section-boxed elementor-section-height-default elementor-section-height-default\" data-id=\"4e1f4db\" data-element_type=\"section\" data-e-type=\"section\" id=\"features-emikat\" data-settings=\"{&quot;stretch_section&quot;:&quot;section-stretched&quot;,&quot;background_background&quot;:&quot;classic&quot;}\">\n\t\t\t\t\t\t<div class=\"elementor-container elementor-column-gap-default\">\n\t\t\t\t\t<div class=\"elementor-column elementor-col-100 elementor-top-column elementor-element elementor-element-8582f01\" data-id=\"8582f01\" data-element_type=\"column\" data-e-type=\"column\">\n\t\t\t<div class=\"elementor-widget-wrap elementor-element-populated\">\n\t\t\t\t\t\t<div class=\"elementor-element elementor-element-fe0029c elementor-widget elementor-widget-heading\" data-id=\"fe0029c\" data-element_type=\"widget\" data-e-type=\"widget\" data-widget_type=\"heading.default\">\n\t\t\t\t<div class=\"elementor-widget-container\">\n\t\t\t\t\t<h2 class=\"elementor-heading-title elementor-size-default\">Datenmanagementsystem f\u00fcr Emissionsinventuren<\/h2>\t\t\t\t<\/div>\n\t\t\t\t<\/div>\n\t\t\t\t<div class=\"elementor-element elementor-element-8537891 elementor-widget elementor-widget-text-editor\" data-id=\"8537891\" data-element_type=\"widget\" data-e-type=\"widget\" data-widget_type=\"text-editor.default\">\n\t\t\t\t<div class=\"elementor-widget-container\">\n\t\t\t\t\t\t\t\t\t<p><strong>Funktion<\/strong><\/p>\t\t\t\t\t\t\t\t<\/div>\n\t\t\t\t<\/div>\n\t\t\t\t<section class=\"elementor-section elementor-inner-section elementor-element elementor-element-8aff058 elementor-section-boxed elementor-section-height-default elementor-section-height-default\" data-id=\"8aff058\" data-element_type=\"section\" data-e-type=\"section\">\n\t\t\t\t\t\t<div class=\"elementor-container elementor-column-gap-default\">\n\t\t\t\t\t<div class=\"elementor-column elementor-col-25 elementor-inner-column elementor-element elementor-element-d25952c\" data-id=\"d25952c\" data-element_type=\"column\" data-e-type=\"column\">\n\t\t\t<div class=\"elementor-widget-wrap elementor-element-populated\">\n\t\t\t\t\t\t<div class=\"elementor-element elementor-element-16f0a3c elementor-widget elementor-widget-heading\" data-id=\"16f0a3c\" data-element_type=\"widget\" data-e-type=\"widget\" data-widget_type=\"heading.default\">\n\t\t\t\t<div class=\"elementor-widget-container\">\n\t\t\t\t\t<h2 class=\"elementor-heading-title elementor-size-default\">EMMISSIONSKARTEN<\/h2>\t\t\t\t<\/div>\n\t\t\t\t<\/div>\n\t\t\t\t<div class=\"elementor-element elementor-element-071443a elementor-widget elementor-widget-text-editor\" data-id=\"071443a\" data-element_type=\"widget\" data-e-type=\"widget\" data-widget_type=\"text-editor.default\">\n\t\t\t\t<div class=\"elementor-widget-container\">\n\t\t\t\t\t\t\t\t\t<p>Einzelanlagen werden punktgenau erfasst und abgebildet<\/p>\t\t\t\t\t\t\t\t<\/div>\n\t\t\t\t<\/div>\n\t\t\t\t\t<\/div>\n\t\t<\/div>\n\t\t\t\t<div class=\"elementor-column elementor-col-25 elementor-inner-column elementor-element elementor-element-0232641\" data-id=\"0232641\" data-element_type=\"column\" data-e-type=\"column\">\n\t\t\t<div class=\"elementor-widget-wrap elementor-element-populated\">\n\t\t\t\t\t\t<div class=\"elementor-element elementor-element-838d812 elementor-widget elementor-widget-heading\" data-id=\"838d812\" data-element_type=\"widget\" data-e-type=\"widget\" data-widget_type=\"heading.default\">\n\t\t\t\t<div class=\"elementor-widget-container\">\n\t\t\t\t\t<h2 class=\"elementor-heading-title elementor-size-default\">DATENANALYSE<\/h2>\t\t\t\t<\/div>\n\t\t\t\t<\/div>\n\t\t\t\t<div class=\"elementor-element elementor-element-6e001bd elementor-widget elementor-widget-text-editor\" data-id=\"6e001bd\" data-element_type=\"widget\" data-e-type=\"widget\" data-widget_type=\"text-editor.default\">\n\t\t\t\t<div class=\"elementor-widget-container\">\n\t\t\t\t\t\t\t\t\t<p>Zentrale Verwaltung von Datens\u00e4tzen \u00fcber relevante Aktivit\u00e4ten<\/p>\t\t\t\t\t\t\t\t<\/div>\n\t\t\t\t<\/div>\n\t\t\t\t\t<\/div>\n\t\t<\/div>\n\t\t\t\t<div class=\"elementor-column elementor-col-25 elementor-inner-column elementor-element elementor-element-85d28a5\" data-id=\"85d28a5\" data-element_type=\"column\" data-e-type=\"column\">\n\t\t\t<div class=\"elementor-widget-wrap elementor-element-populated\">\n\t\t\t\t\t\t<div class=\"elementor-element elementor-element-3c6d9af elementor-widget elementor-widget-heading\" data-id=\"3c6d9af\" data-element_type=\"widget\" data-e-type=\"widget\" data-widget_type=\"heading.default\">\n\t\t\t\t<div class=\"elementor-widget-container\">\n\t\t\t\t\t<h2 class=\"elementor-heading-title elementor-size-default\">WHAT-IF SZENARIEN<\/h2>\t\t\t\t<\/div>\n\t\t\t\t<\/div>\n\t\t\t\t<div class=\"elementor-element elementor-element-cfe8d6e elementor-widget elementor-widget-text-editor\" data-id=\"cfe8d6e\" data-element_type=\"widget\" data-e-type=\"widget\" data-widget_type=\"text-editor.default\">\n\t\t\t\t<div class=\"elementor-widget-container\">\n\t\t\t\t\t\t\t\t\t<p>Dynamische &amp; individuelle Abfragen, sowie direkte Prozessintegration<\/p>\t\t\t\t\t\t\t\t<\/div>\n\t\t\t\t<\/div>\n\t\t\t\t\t<\/div>\n\t\t<\/div>\n\t\t\t\t<div class=\"elementor-column elementor-col-25 elementor-inner-column elementor-element elementor-element-fad937b\" data-id=\"fad937b\" data-element_type=\"column\" data-e-type=\"column\">\n\t\t\t<div class=\"elementor-widget-wrap elementor-element-populated\">\n\t\t\t\t\t\t<div class=\"elementor-element elementor-element-471eaaa elementor-widget elementor-widget-heading\" data-id=\"471eaaa\" data-element_type=\"widget\" data-e-type=\"widget\" data-widget_type=\"heading.default\">\n\t\t\t\t<div class=\"elementor-widget-container\">\n\t\t\t\t\t<h2 class=\"elementor-heading-title elementor-size-default\">FLEXIBLE DATENERHEBUNG<\/h2>\t\t\t\t<\/div>\n\t\t\t\t<\/div>\n\t\t\t\t<div class=\"elementor-element elementor-element-f1cc089 elementor-widget elementor-widget-text-editor\" data-id=\"f1cc089\" data-element_type=\"widget\" data-e-type=\"widget\" data-widget_type=\"text-editor.default\">\n\t\t\t\t<div class=\"elementor-widget-container\">\n\t\t\t\t\t\t\t\t\t<p>Erm\u00f6glicht die Integration von Daten aus Erhebungen, Statistiken und Modellen<\/p>\t\t\t\t\t\t\t\t<\/div>\n\t\t\t\t<\/div>\n\t\t\t\t\t<\/div>\n\t\t<\/div>\n\t\t\t\t\t<\/div>\n\t\t<\/section>\n\t\t\t\t\t<\/div>\n\t\t<\/div>\n\t\t\t\t\t<\/div>\n\t\t<\/section>\n\t\t\t\t<section class=\"elementor-section elementor-top-section elementor-element elementor-element-b39d12e elementor-section-boxed elementor-section-height-default elementor-section-height-default\" data-id=\"b39d12e\" data-element_type=\"section\" data-e-type=\"section\" id=\"our-services-emikat\">\n\t\t\t\t\t\t<div class=\"elementor-container elementor-column-gap-default\">\n\t\t\t\t\t<div class=\"elementor-column elementor-col-100 elementor-top-column elementor-element elementor-element-dc47f4e\" data-id=\"dc47f4e\" data-element_type=\"column\" data-e-type=\"column\">\n\t\t\t<div class=\"elementor-widget-wrap elementor-element-populated\">\n\t\t\t\t\t\t<div class=\"elementor-element elementor-element-7ac66c7 elementor-widget elementor-widget-heading\" data-id=\"7ac66c7\" data-element_type=\"widget\" data-e-type=\"widget\" data-widget_type=\"heading.default\">\n\t\t\t\t<div class=\"elementor-widget-container\">\n\t\t\t\t\t<h2 class=\"elementor-heading-title elementor-size-default\">Vielseitiges Service-Portfolio<\/h2>\t\t\t\t<\/div>\n\t\t\t\t<\/div>\n\t\t\t\t<div class=\"elementor-element elementor-element-925de86 elementor-widget elementor-widget-text-editor\" data-id=\"925de86\" data-element_type=\"widget\" data-e-type=\"widget\" data-widget_type=\"text-editor.default\">\n\t\t\t\t<div class=\"elementor-widget-container\">\n\t\t\t\t\t\t\t\t\t<p>Leistungen<\/p>\t\t\t\t\t\t\t\t<\/div>\n\t\t\t\t<\/div>\n\t\t\t\t<section class=\"elementor-section elementor-inner-section elementor-element elementor-element-4cb0c2b elementor-section-boxed elementor-section-height-default elementor-section-height-default\" data-id=\"4cb0c2b\" data-element_type=\"section\" data-e-type=\"section\">\n\t\t\t\t\t\t<div class=\"elementor-container elementor-column-gap-default\">\n\t\t\t\t\t<div class=\"elementor-column elementor-col-25 elementor-inner-column elementor-element elementor-element-2bbb6a5\" data-id=\"2bbb6a5\" data-element_type=\"column\" data-e-type=\"column\">\n\t\t\t<div class=\"elementor-widget-wrap elementor-element-populated\">\n\t\t\t\t\t\t<div class=\"elementor-element elementor-element-391100b elementor-widget elementor-widget-heading\" data-id=\"391100b\" data-element_type=\"widget\" data-e-type=\"widget\" data-widget_type=\"heading.default\">\n\t\t\t\t<div class=\"elementor-widget-container\">\n\t\t\t\t\t<h2 class=\"elementor-heading-title elementor-size-default\">SERVICE<\/h2>\t\t\t\t<\/div>\n\t\t\t\t<\/div>\n\t\t\t\t<div class=\"elementor-element elementor-element-d798478 elementor-widget elementor-widget-text-editor\" data-id=\"d798478\" data-element_type=\"widget\" data-e-type=\"widget\" data-widget_type=\"text-editor.default\">\n\t\t\t\t<div class=\"elementor-widget-container\">\n\t\t\t\t\t\t\t\t\t<p>Von der Entwicklung einer individuellen Datenbank bis hin zum Support \u2013 EMIKAT ist Ihr Full-Service-Anbieter.<\/p>\t\t\t\t\t\t\t\t<\/div>\n\t\t\t\t<\/div>\n\t\t\t\t\t<\/div>\n\t\t<\/div>\n\t\t\t\t<div class=\"elementor-column elementor-col-25 elementor-inner-column elementor-element elementor-element-32f2e3d\" data-id=\"32f2e3d\" data-element_type=\"column\" data-e-type=\"column\">\n\t\t\t<div class=\"elementor-widget-wrap elementor-element-populated\">\n\t\t\t\t\t\t<div class=\"elementor-element elementor-element-100cf41 elementor-widget elementor-widget-heading\" data-id=\"100cf41\" data-element_type=\"widget\" data-e-type=\"widget\" data-widget_type=\"heading.default\">\n\t\t\t\t<div class=\"elementor-widget-container\">\n\t\t\t\t\t<h2 class=\"elementor-heading-title elementor-size-default\">DATENERFASSUNG<\/h2>\t\t\t\t<\/div>\n\t\t\t\t<\/div>\n\t\t\t\t<div class=\"elementor-element elementor-element-e799298 elementor-widget elementor-widget-text-editor\" data-id=\"e799298\" data-element_type=\"widget\" data-e-type=\"widget\" data-widget_type=\"text-editor.default\">\n\t\t\t\t<div class=\"elementor-widget-container\">\n\t\t\t\t\t\t\t\t\t<p>Integriertes Online-Umfragesystem zur Erhebung der Informationen und Daten direkt an der Quelle.<\/p>\t\t\t\t\t\t\t\t<\/div>\n\t\t\t\t<\/div>\n\t\t\t\t\t<\/div>\n\t\t<\/div>\n\t\t\t\t<div class=\"elementor-column elementor-col-25 elementor-inner-column elementor-element elementor-element-1e38655\" data-id=\"1e38655\" data-element_type=\"column\" data-e-type=\"column\">\n\t\t\t<div class=\"elementor-widget-wrap elementor-element-populated\">\n\t\t\t\t\t\t<div class=\"elementor-element elementor-element-f03d677 elementor-widget elementor-widget-heading\" data-id=\"f03d677\" data-element_type=\"widget\" data-e-type=\"widget\" data-widget_type=\"heading.default\">\n\t\t\t\t<div class=\"elementor-widget-container\">\n\t\t\t\t\t<h2 class=\"elementor-heading-title elementor-size-default\">KUNDENORIENTIERTE ANALYSEN<\/h2>\t\t\t\t<\/div>\n\t\t\t\t<\/div>\n\t\t\t\t<div class=\"elementor-element elementor-element-32e6efb elementor-widget elementor-widget-text-editor\" data-id=\"32e6efb\" data-element_type=\"widget\" data-e-type=\"widget\" data-widget_type=\"text-editor.default\">\n\t\t\t\t<div class=\"elementor-widget-container\">\n\t\t\t\t\t\t\t\t\t<p>EMIKAT als flexibles Datenmanagementsystem f\u00fcr Emissions- und Energiebilanzen.<\/p>\t\t\t\t\t\t\t\t<\/div>\n\t\t\t\t<\/div>\n\t\t\t\t\t<\/div>\n\t\t<\/div>\n\t\t\t\t<div class=\"elementor-column elementor-col-25 elementor-inner-column elementor-element elementor-element-e56a958\" data-id=\"e56a958\" data-element_type=\"column\" data-e-type=\"column\">\n\t\t\t<div class=\"elementor-widget-wrap elementor-element-populated\">\n\t\t\t\t\t\t<div class=\"elementor-element elementor-element-b421a28 elementor-widget elementor-widget-heading\" data-id=\"b421a28\" data-element_type=\"widget\" data-e-type=\"widget\" data-widget_type=\"heading.default\">\n\t\t\t\t<div class=\"elementor-widget-container\">\n\t\t\t\t\t<h2 class=\"elementor-heading-title elementor-size-default\">FORSCHUNG<\/h2>\t\t\t\t<\/div>\n\t\t\t\t<\/div>\n\t\t\t\t<div class=\"elementor-element elementor-element-78256c5 elementor-widget elementor-widget-text-editor\" data-id=\"78256c5\" data-element_type=\"widget\" data-e-type=\"widget\" data-widget_type=\"text-editor.default\">\n\t\t\t\t<div class=\"elementor-widget-container\">\n\t\t\t\t\t\t\t\t\t<p>Mit EMIKAT ist auch die Forschung des AIT zu Umweltdaten und Datenverarbeitung verbunden.<\/p>\t\t\t\t\t\t\t\t<\/div>\n\t\t\t\t<\/div>\n\t\t\t\t\t<\/div>\n\t\t<\/div>\n\t\t\t\t\t<\/div>\n\t\t<\/section>\n\t\t\t\t\t<\/div>\n\t\t<\/div>\n\t\t\t\t\t<\/div>\n\t\t<\/section>\n\t\t\t\t<section class=\"elementor-section elementor-top-section elementor-element elementor-element-142a63b elementor-section-boxed elementor-section-height-default elementor-section-height-default\" data-id=\"142a63b\" data-element_type=\"section\" data-e-type=\"section\">\n\t\t\t\t\t\t<div class=\"elementor-container elementor-column-gap-default\">\n\t\t\t\t\t<div class=\"elementor-column elementor-col-100 elementor-top-column elementor-element elementor-element-f2d3753\" data-id=\"f2d3753\" data-element_type=\"column\" data-e-type=\"column\">\n\t\t\t<div class=\"elementor-widget-wrap elementor-element-populated\">\n\t\t\t\t\t\t<div class=\"elementor-element elementor-element-dfdf802 elementor-widget elementor-widget-text-editor\" data-id=\"dfdf802\" data-element_type=\"widget\" data-e-type=\"widget\" id=\"contact-emikat\" data-widget_type=\"text-editor.default\">\n\t\t\t\t<div class=\"elementor-widget-container\">\n\t\t\t\t\t\t\t\t\t<p>Kontakt<\/p>\t\t\t\t\t\t\t\t<\/div>\n\t\t\t\t<\/div>\n\t\t\t\t<div class=\"elementor-element elementor-element-1da19d7 elementor-widget elementor-widget-text-editor\" data-id=\"1da19d7\" data-element_type=\"widget\" data-e-type=\"widget\" data-widget_type=\"text-editor.default\">\n\t\t\t\t<div class=\"elementor-widget-container\">\n\t\t\t\t\t\t\t\t\t<p class=\"translation-block\">Bitte wenden Sie sich direkt an uns, wenn Sie Interesse an ma\u00dfgeschneiderten Sensornetzwerkl\u00f6sungen f\u00fcr Ihre Organisation oder Ideen zur Forschungskollaborationen haben.<br><br><strong>Mario Drobics<\/strong><br>Giefinggasse 4<br>1210 Vienna<br>Austria<br>+43 50 550-4810<br>mario.drobics@ait.ac.at<\/p>\t\t\t\t\t\t\t\t<\/div>\n\t\t\t\t<\/div>\n\t\t\t\t\t<\/div>\n\t\t<\/div>\n\t\t\t\t\t<\/div>\n\t\t<\/section>\n\t\t\t\t<\/div>","protected":false},"excerpt":{"rendered":"<p>COOPERATIVE DIGITAL TECHNOLOGIES EMIKAT The all-in-one solution for the\u00a0management\u00a0and\u00a0analysis\u00a0of emission data\u00a0 Why EMIKAT? Clean air is of paramount importance for maintaining a\u00a0high quality of life. Greenhouse gases and air pollutants (e.g. CO2, particulate matter, carbon monoxide, nitrogen oxides etc.) are by-products of various\u00a0economic activities\u00a0such as power and heat production, industrial processes and traffic. The use&hellip;&nbsp;<a href=\"https:\/\/cooperative-digital.solutions\/de\/emikat\/\" class=\"\" rel=\"bookmark\">Mehr lesen &raquo;<span class=\"screen-reader-text\">EMIKAT<\/span><\/a><\/p>","protected":false},"author":5,"featured_media":0,"parent":0,"menu_order":0,"comment_status":"closed","ping_status":"closed","template":"","meta":{"neve_meta_sidebar":"full-width","neve_meta_container":"","neve_meta_enable_content_width":"on","neve_meta_content_width":100,"neve_meta_title_alignment":"","neve_meta_author_avatar":"","neve_post_elements_order":"","neve_meta_disable_header":"","neve_meta_disable_footer":"","neve_meta_disable_title":"on","neve_meta_reading_time":"","_themeisle_gutenberg_block_has_review":false,"footnotes":""},"class_list":["post-3085","page","type-page","status-publish","hentry"],"_links":{"self":[{"href":"https:\/\/cooperative-digital.solutions\/de\/wp-json\/wp\/v2\/pages\/3085","targetHints":{"allow":["GET"]}}],"collection":[{"href":"https:\/\/cooperative-digital.solutions\/de\/wp-json\/wp\/v2\/pages"}],"about":[{"href":"https:\/\/cooperative-digital.solutions\/de\/wp-json\/wp\/v2\/types\/page"}],"author":[{"embeddable":true,"href":"https:\/\/cooperative-digital.solutions\/de\/wp-json\/wp\/v2\/users\/5"}],"replies":[{"embeddable":true,"href":"https:\/\/cooperative-digital.solutions\/de\/wp-json\/wp\/v2\/comments?post=3085"}],"version-history":[{"count":72,"href":"https:\/\/cooperative-digital.solutions\/de\/wp-json\/wp\/v2\/pages\/3085\/revisions"}],"predecessor-version":[{"id":3757,"href":"https:\/\/cooperative-digital.solutions\/de\/wp-json\/wp\/v2\/pages\/3085\/revisions\/3757"}],"wp:attachment":[{"href":"https:\/\/cooperative-digital.solutions\/de\/wp-json\/wp\/v2\/media?parent=3085"}],"curies":[{"name":"wp","href":"https:\/\/api.w.org\/{rel}","templated":true}]}}