{"id":3173,"date":"2020-08-21T12:13:44","date_gmt":"2020-08-21T12:13:44","guid":{"rendered":"https:\/\/cooperative-digital.solutions\/?page_id=3173"},"modified":"2020-08-21T12:13:45","modified_gmt":"2020-08-21T12:13:45","slug":"technical-components","status":"publish","type":"page","link":"https:\/\/cooperative-digital.solutions\/de\/technical-components\/","title":{"rendered":"Technische Komponenten"},"content":{"rendered":"<div class=\"wp-block-themeisle-blocks-advanced-columns has-1-columns has-desktop-equal-layout has-tablet-equal-layout has-mobile-equal-layout has-default-gap has-vertical-unset\" id=\"wp-block-themeisle-blocks-advanced-columns-446fc82e\"><div class=\"wp-block-themeisle-blocks-advanced-columns-overlay\"><\/div><div class=\"innerblocks-wrap\">\n<div class=\"wp-block-themeisle-blocks-advanced-column\" id=\"wp-block-themeisle-blocks-advanced-column-254acfaf\">\n<table id=\"tablepress-1\" class=\"tablepress tablepress-id-1\">\n<thead>\n<tr class=\"row-1\">\n\t<td class=\"column-1\"><\/td><th class=\"column-2\">Stationsrechner (SR)<\/th><th class=\"column-3\">UWEDAT-Zentrale<\/th><th class=\"column-4\">Applikationen<\/th>\n<\/tr>\n<\/thead>\n<tbody class=\"row-striping row-hover\">\n<tr class=\"row-2\">\n\t<td class=\"column-1\"><strong><strong>Rolle<\/strong><\/strong><\/td><td class=\"column-2\">AIT hat eine eigene Hardware- plus Softwarel\u00f6sung entwickelt, die Sensordaten zuverl\u00e4ssig sammelt und kommuniziert.<\/td><td class=\"column-3\">Die Zentrale als Time Series Engine ist das Herzstr\u00fcck von UWEDAT, um verteilte gesammelte Daten nahezu in Echtzeit auswertbar zu machen und Ihre Prozesse (z.B. Reporting) anzusteuern.<\/td><td class=\"column-4\">UWEDAT unterst\u00fctzt Fachexperten bei Ihrer Arbeit indem es in existierende Prozesse integriert wird und unterst\u00fctzende Tools angeboten werden.<\/td>\n<\/tr>\n<tr class=\"row-3\">\n\t<td class=\"column-1\"><strong><strong>Funktion<\/strong><\/strong><\/td><td class=\"column-2\"><ul><br \/>\n<li>19\" Hardwareformat kompatible mit \u00fcblichen Racks<\/li><br \/>\n<li>Robustes und l\u00fcfterloses Design (keine beweglichen Teile)<\/li><br \/>\n<li>Robuste und erweiterbare Software-Plattform \"AIR\" (aufgesetzt auf Linux)<\/li><br \/>\n<li>Universales Treibersystem \"AnySen\" zur Einbindung von Sensoren \u00fcber AnySen-Treiber (unter geringem Konfigurationsaufwand)<\/li><br \/>\n<\/ul><\/td><td class=\"column-3\"><ul><br \/>\n<li>FORMULA Time Series Engine f\u00fcr dynamische Datenabfragen und Reportingaktivit\u00e4ten<\/li><br \/>\n<li>Distributed Caching-System erm\u00f6glicht das Abfragen von Analysen \u00fcber gro\u00dfe Datenzeitr\u00e4umen mit geringer Latenz<\/li><br \/>\n<li>Automatische Erkennung von Grenzwert\u00fcberschreitungen (inkl. Warnung)<\/li><br \/>\n<li>Interoperabilit\u00e4t mit externen Datenquellen, z.B., IoT-Plattformen<\/li><br \/>\n<li>Kopplung mit Oracle, Postgres und anderen Datenbanken (inkl. selbst gehostete Datenbanken)<\/li><br \/>\n<\/ul><\/td><td class=\"column-4\"><ul><br \/>\n<li>Datenvalidierung<\/li><br \/>\n<li>Kalibrierung<\/li><br \/>\n<li>Wartung<\/li><br \/>\n<li>Administrative Tools<\/li><br \/>\n<li>Analytische Services und Applikationen<\/li><br \/>\n<\/ul><br \/>\n<br \/>\nTools auch separat erh\u00e4ltlich.<\/td>\n<\/tr>\n<tr class=\"row-4\">\n\t<td class=\"column-1\"><strong><strong>Anwendung<\/strong><\/strong><\/td><td class=\"column-2\"><ul><br \/>\n<li>Benutzbar in UWEDAT Sensornetzwerken<\/\/li><br \/>\n<li>Unser Stationsrechner der 4. Generation kann auch  mit externen Sensornetzwerken kombiniert werden<\/li><br \/>\n<\/ul><\/td><td class=\"column-3\"><ul><br \/>\n<li>Regelm\u00e4\u00dfige Monitoringaufgaben<\/li><br \/>\n<li>Der skalierbare Java-Kern ist ausgelegt darauf, um nahezu in Echtzeit Applikationen mit Daten und Auswertungen zu versuchen, z.B. f\u00fcr Industrie- oder Verkehrssteuerungsszenarien<\/li><br \/>\n<li>Die Zentrale ereignet sich ebenso gut f\u00fcr das Monitoring von sicherheitskritischen Anwendungen oder dem Monitoring von \u00f6ffentlichen sowie privaten Pl\u00e4tzen<\/li><br \/>\n<\/ul><\/td><td class=\"column-4\"><ul><br \/>\n<li>Ihr Use Case: Da sich Prozesse von Organisation zu Organisation unterscheiden, passt sich UWEDAT an Ihre Organisation an - by Design!<\/li><br \/>\n<\/ul><\/td>\n<\/tr>\n<tr class=\"row-5\">\n\t<td class=\"column-1\"><strong><strong>Spezifikation<\/strong><\/strong><\/td><td class=\"column-2\"><ul><br \/>\n<li>SSD mit 32GB und ECC<\/li><br \/>\n<li>Intel Quad Core Prozessor mit 2GHz<\/li><br \/>\n<li>Schnittstellen: 2x Gigabit LAN, 8 serielle Schnittstellen (RS232), 2 CAN Schnittstellen mit D-SUB9 sowie USB-Stecker (IMI-CAN-Anbindung), 1x USB 3.0, 1x USB 1.0, Displayport, HDMI, VGA, Optional: 8x IMI-CANs je CAN-Schnittstelle zur Erfassung analoger Messwerte<\/li><br \/>\n<\/ul><\/td><td class=\"column-3\"><ul><br \/>\n<li>Kernsystem in Java<\/li><br \/>\n<li>Distributed Caching-System<\/li><br \/>\n<li>FORMULA Time Series Engine inkl. FORMULA Query-Sprache<\/li><br \/>\n<li>Separierte Speicherung von Rohdaten und korrigierten Werten<\/li><br \/>\n<li>Unterst\u00fctzt Oracle, PostgreSQL und bei Bedarf auch weitere Datenbanken (auch self-hosted Datenbanken)<\/li><br \/>\n<\/ul><\/td><td class=\"column-4\"><ul><br \/>\n<li>Optimierte GUI f\u00fcr schnelle Anzeigen und optimierte Darstellung f\u00fcr Fachexperten<\/li><br \/>\n<\/ul><\/td>\n<\/tr>\n<\/tbody>\n<\/table>\n<!-- #tablepress-1 from cache -->\n<\/div>\n<\/div><\/div>","protected":false},"excerpt":{"rendered":"","protected":false},"author":5,"featured_media":0,"parent":0,"menu_order":0,"comment_status":"closed","ping_status":"closed","template":"","meta":{"neve_meta_sidebar":"full-width","neve_meta_container":"","neve_meta_enable_content_width":"on","neve_meta_content_width":100,"neve_meta_title_alignment":"","neve_meta_author_avatar":"","neve_post_elements_order":"","neve_meta_disable_header":"","neve_meta_disable_footer":"","neve_meta_disable_title":"","neve_meta_reading_time":"","_themeisle_gutenberg_block_has_review":false,"footnotes":""},"class_list":["post-3173","page","type-page","status-publish","hentry"],"_links":{"self":[{"href":"https:\/\/cooperative-digital.solutions\/de\/wp-json\/wp\/v2\/pages\/3173","targetHints":{"allow":["GET"]}}],"collection":[{"href":"https:\/\/cooperative-digital.solutions\/de\/wp-json\/wp\/v2\/pages"}],"about":[{"href":"https:\/\/cooperative-digital.solutions\/de\/wp-json\/wp\/v2\/types\/page"}],"author":[{"embeddable":true,"href":"https:\/\/cooperative-digital.solutions\/de\/wp-json\/wp\/v2\/users\/5"}],"replies":[{"embeddable":true,"href":"https:\/\/cooperative-digital.solutions\/de\/wp-json\/wp\/v2\/comments?post=3173"}],"version-history":[{"count":1,"href":"https:\/\/cooperative-digital.solutions\/de\/wp-json\/wp\/v2\/pages\/3173\/revisions"}],"predecessor-version":[{"id":3174,"href":"https:\/\/cooperative-digital.solutions\/de\/wp-json\/wp\/v2\/pages\/3173\/revisions\/3174"}],"wp:attachment":[{"href":"https:\/\/cooperative-digital.solutions\/de\/wp-json\/wp\/v2\/media?parent=3173"}],"curies":[{"name":"wp","href":"https:\/\/api.w.org\/{rel}","templated":true}]}}