{"id":3177,"date":"2020-08-21T12:19:27","date_gmt":"2020-08-21T12:19:27","guid":{"rendered":"https:\/\/cooperative-digital.solutions\/?page_id=3177"},"modified":"2022-03-13T16:47:44","modified_gmt":"2022-03-13T16:47:44","slug":"psh","status":"publish","type":"page","link":"https:\/\/cooperative-digital.solutions\/de\/psh\/","title":{"rendered":"Public Safety Hub"},"content":{"rendered":"<div data-elementor-type=\"wp-page\" data-elementor-id=\"3177\" class=\"elementor elementor-3177\" data-elementor-post-type=\"page\">\n\t\t\t\t\t\t<section class=\"elementor-section elementor-top-section elementor-element elementor-element-713056b elementor-section-full_width elementor-section-height-min-height elementor-section-stretched elementor-section-height-default elementor-section-items-middle\" data-id=\"713056b\" data-element_type=\"section\" data-e-type=\"section\" data-settings=\"{&quot;stretch_section&quot;:&quot;section-stretched&quot;,&quot;background_background&quot;:&quot;classic&quot;}\">\n\t\t\t\t\t\t<div class=\"elementor-container elementor-column-gap-default\">\n\t\t\t\t\t<div class=\"elementor-column elementor-col-100 elementor-top-column elementor-element elementor-element-67e4395\" data-id=\"67e4395\" data-element_type=\"column\" data-e-type=\"column\">\n\t\t\t<div class=\"elementor-widget-wrap elementor-element-populated\">\n\t\t\t\t\t\t<div class=\"elementor-element elementor-element-79bcb0d elementor-widget elementor-widget-heading\" data-id=\"79bcb0d\" data-element_type=\"widget\" data-e-type=\"widget\" data-widget_type=\"heading.default\">\n\t\t\t\t<div class=\"elementor-widget-container\">\n\t\t\t\t\t<h2 class=\"elementor-heading-title elementor-size-default\">COOPERATIVE DIGITAL TECHNOLOGIES<\/h2>\t\t\t\t<\/div>\n\t\t\t\t<\/div>\n\t\t\t\t<div class=\"elementor-element elementor-element-798264c elementor-widget elementor-widget-heading\" data-id=\"798264c\" data-element_type=\"widget\" data-e-type=\"widget\" data-widget_type=\"heading.default\">\n\t\t\t\t<div class=\"elementor-widget-container\">\n\t\t\t\t\t<h1 class=\"elementor-heading-title elementor-size-default\">Public Safety Hub<\/h1>\t\t\t\t<\/div>\n\t\t\t\t<\/div>\n\t\t\t\t<div class=\"elementor-element elementor-element-50c92aa elementor-widget elementor-widget-text-editor\" data-id=\"50c92aa\" data-element_type=\"widget\" data-e-type=\"widget\" data-widget_type=\"text-editor.default\">\n\t\t\t\t<div class=\"elementor-widget-container\">\n\t\t\t\t\t\t\t\t\t<p class=\"translation-block\">Die Plattform f\u00fcr einen <strong>nahtlosen Informationsaustausch<\/strong><\/p>\t\t\t\t\t\t\t\t<\/div>\n\t\t\t\t<\/div>\n\t\t\t\t\t<\/div>\n\t\t<\/div>\n\t\t\t\t\t<\/div>\n\t\t<\/section>\n\t\t\t\t<section class=\"elementor-section elementor-top-section elementor-element elementor-element-6531414 elementor-section-boxed elementor-section-height-default elementor-section-height-default\" data-id=\"6531414\" data-element_type=\"section\" data-e-type=\"section\">\n\t\t\t\t\t\t<div class=\"elementor-container elementor-column-gap-default\">\n\t\t\t\t\t<div class=\"elementor-column elementor-col-100 elementor-top-column elementor-element elementor-element-915f737\" data-id=\"915f737\" data-element_type=\"column\" data-e-type=\"column\">\n\t\t\t<div class=\"elementor-widget-wrap elementor-element-populated\">\n\t\t\t\t\t\t<div class=\"elementor-element elementor-element-1379d9c elementor-widget elementor-widget-heading\" data-id=\"1379d9c\" data-element_type=\"widget\" data-e-type=\"widget\" data-widget_type=\"heading.default\">\n\t\t\t\t<div class=\"elementor-widget-container\">\n\t\t\t\t\t<h2 class=\"elementor-heading-title elementor-size-default\">Warum Public Safety Hub?<\/h2>\t\t\t\t<\/div>\n\t\t\t\t<\/div>\n\t\t\t\t<div class=\"elementor-element elementor-element-ad361e5 elementor-widget elementor-widget-text-editor\" data-id=\"ad361e5\" data-element_type=\"widget\" data-e-type=\"widget\" data-widget_type=\"text-editor.default\">\n\t\t\t\t<div class=\"elementor-widget-container\">\n\t\t\t\t\t\t\t\t\t<p class=\"translation-block\">Der neue <strong>Public Safety Hub (PSH)<\/strong> erm\u00f6glicht den <strong>nahtlosen Austausch<\/strong> von Informationen zwischen den Systemen <strong>verschiedener Organisationen<\/strong> (milit\u00e4rische und zivile IT-Systeme). Der PSH verbessert die Zusammenarbeit von Rettungsdiensten, Freiwilligenorganisationen und B\u00fcrgern f\u00fcr ein <strong>effektives Katastrophenmanagement<\/strong>. Dies ist umso wichtiger, als bei der Bew\u00e4ltigung von Katastrophen die Abl\u00e4ufe und Prozesse zwischen den operativen Einsatzkr\u00e4ften harmonisiert und synchronisiert werden m\u00fcssen.<\/p>\t\t\t\t\t\t\t\t<\/div>\n\t\t\t\t<\/div>\n\t\t\t\t<div class=\"elementor-element elementor-element-8ae7d86 elementor-widget elementor-widget-text-editor\" data-id=\"8ae7d86\" data-element_type=\"widget\" data-e-type=\"widget\" data-widget_type=\"text-editor.default\">\n\t\t\t\t<div class=\"elementor-widget-container\">\n\t\t\t\t\t\t\t\t\t<p class=\"translation-block\">Die spezielle technologische Architektur der neuen Plattform beinhaltet einen <strong>sicheren und flexiblen Datenaustausch<\/strong> der Kr\u00e4fte der unterschiedlichsten Unternehmen. Eine solche <strong>moderne und flexible<\/strong> Kommunikationsplattform kann leicht einzelne Kompetenzen b\u00fcndeln und eine <strong>hochsichere und effiziente<\/strong> Zusammenarbeit verschiedener Organisationen in Krisensituationen gew\u00e4hrleisten. Der vollautomatische <strong>Datenaustausch<\/strong> zwischen den Informationssystemen ist somit gew\u00e4hrleistet. So wird es in Zukunft m\u00f6glich sein, Gro\u00dfereignisse und Katastrophen noch schneller zu bew\u00e4ltigen und noch <strong>schneller und pr\u00e4ziser<\/strong> Hilfe an die richtigen Stellen zu schicken.<\/p>\t\t\t\t\t\t\t\t<\/div>\n\t\t\t\t<\/div>\n\t\t\t\t<div class=\"elementor-element elementor-element-7f8564b elementor-widget elementor-widget-image\" data-id=\"7f8564b\" data-element_type=\"widget\" data-e-type=\"widget\" data-widget_type=\"image.default\">\n\t\t\t\t<div class=\"elementor-widget-container\">\n\t\t\t\t\t\t\t\t\t\t\t\t\t\t\t\t<a href=\"https:\/\/cooperative-digital.solutions\/wp-content\/uploads\/2020\/08\/architecture-1.png\" data-elementor-open-lightbox=\"yes\" data-elementor-lightbox-title=\"architecture-1\" data-e-action-hash=\"#elementor-action%3Aaction%3Dlightbox%26settings%3DeyJpZCI6MzE4MCwidXJsIjoiaHR0cHM6XC9cL2Nvb3BlcmF0aXZlLWRpZ2l0YWwuc29sdXRpb25zXC93cC1jb250ZW50XC91cGxvYWRzXC8yMDIwXC8wOFwvYXJjaGl0ZWN0dXJlLTEucG5nIn0%3D\">\n\t\t\t\t\t\t\t<img fetchpriority=\"high\" decoding=\"async\" width=\"1359\" height=\"645\" src=\"https:\/\/cooperative-digital.solutions\/wp-content\/uploads\/2020\/08\/architecture-1.png\" class=\"attachment-full size-full wp-image-3180\" alt=\"PSH architecture with two federations and multiple connected systems\" srcset=\"https:\/\/cooperative-digital.solutions\/wp-content\/uploads\/2020\/08\/architecture-1.png 1359w, https:\/\/cooperative-digital.solutions\/wp-content\/uploads\/2020\/08\/architecture-1-300x142.png 300w, https:\/\/cooperative-digital.solutions\/wp-content\/uploads\/2020\/08\/architecture-1-1024x486.png 1024w, https:\/\/cooperative-digital.solutions\/wp-content\/uploads\/2020\/08\/architecture-1-768x365.png 768w\" sizes=\"(max-width: 1359px) 100vw, 1359px\" \/>\t\t\t\t\t\t\t\t<\/a>\n\t\t\t\t\t\t\t\t\t\t\t\t\t\t\t<\/div>\n\t\t\t\t<\/div>\n\t\t\t\t\t<\/div>\n\t\t<\/div>\n\t\t\t\t\t<\/div>\n\t\t<\/section>\n\t\t\t\t<section class=\"elementor-section elementor-top-section elementor-element elementor-element-cb61ae9 elementor-section-stretched elementor-section-boxed elementor-section-height-default elementor-section-height-default\" data-id=\"cb61ae9\" data-element_type=\"section\" data-e-type=\"section\" id=\"features-psh\" data-settings=\"{&quot;stretch_section&quot;:&quot;section-stretched&quot;,&quot;background_background&quot;:&quot;classic&quot;}\">\n\t\t\t\t\t\t<div class=\"elementor-container elementor-column-gap-default\">\n\t\t\t\t\t<div class=\"elementor-column elementor-col-100 elementor-top-column elementor-element elementor-element-4aa38e1\" data-id=\"4aa38e1\" data-element_type=\"column\" data-e-type=\"column\">\n\t\t\t<div class=\"elementor-widget-wrap elementor-element-populated\">\n\t\t\t\t\t\t<div class=\"elementor-element elementor-element-ee2cb4d elementor-widget elementor-widget-heading\" data-id=\"ee2cb4d\" data-element_type=\"widget\" data-e-type=\"widget\" data-widget_type=\"heading.default\">\n\t\t\t\t<div class=\"elementor-widget-container\">\n\t\t\t\t\t<h2 class=\"elementor-heading-title elementor-size-default\">DATA MANAGEMENT SYSTEM FOR EMISSION INVENTORIES<\/h2>\t\t\t\t<\/div>\n\t\t\t\t<\/div>\n\t\t\t\t<div class=\"elementor-element elementor-element-9548846 elementor-widget elementor-widget-text-editor\" data-id=\"9548846\" data-element_type=\"widget\" data-e-type=\"widget\" data-widget_type=\"text-editor.default\">\n\t\t\t\t<div class=\"elementor-widget-container\">\n\t\t\t\t\t\t\t\t\t<p><strong>Funktion<\/strong><\/p>\t\t\t\t\t\t\t\t<\/div>\n\t\t\t\t<\/div>\n\t\t\t\t<section class=\"elementor-section elementor-inner-section elementor-element elementor-element-f108ef1 elementor-section-boxed elementor-section-height-default elementor-section-height-default\" data-id=\"f108ef1\" data-element_type=\"section\" data-e-type=\"section\">\n\t\t\t\t\t\t<div class=\"elementor-container elementor-column-gap-default\">\n\t\t\t\t\t<div class=\"elementor-column elementor-col-25 elementor-inner-column elementor-element elementor-element-33f610a\" data-id=\"33f610a\" data-element_type=\"column\" data-e-type=\"column\">\n\t\t\t<div class=\"elementor-widget-wrap elementor-element-populated\">\n\t\t\t\t\t\t<div class=\"elementor-element elementor-element-5138c52 elementor-widget elementor-widget-heading\" data-id=\"5138c52\" data-element_type=\"widget\" data-e-type=\"widget\" data-widget_type=\"heading.default\">\n\t\t\t\t<div class=\"elementor-widget-container\">\n\t\t\t\t\t<h2 class=\"elementor-heading-title elementor-size-default\">FLEXIBEL<\/h2>\t\t\t\t<\/div>\n\t\t\t\t<\/div>\n\t\t\t\t<div class=\"elementor-element elementor-element-233a908 elementor-widget elementor-widget-text-editor\" data-id=\"233a908\" data-element_type=\"widget\" data-e-type=\"widget\" data-widget_type=\"text-editor.default\">\n\t\t\t\t<div class=\"elementor-widget-container\">\n\t\t\t\t\t\t\t\t\t<p>Hersteller- und Formatunabh\u00e4ngigigkeit f\u00fcr einen stufenweisen Rollout.<\/p>\t\t\t\t\t\t\t\t<\/div>\n\t\t\t\t<\/div>\n\t\t\t\t\t<\/div>\n\t\t<\/div>\n\t\t\t\t<div class=\"elementor-column elementor-col-25 elementor-inner-column elementor-element elementor-element-54b8fa4\" data-id=\"54b8fa4\" data-element_type=\"column\" data-e-type=\"column\">\n\t\t\t<div class=\"elementor-widget-wrap elementor-element-populated\">\n\t\t\t\t\t\t<div class=\"elementor-element elementor-element-4118ea6 elementor-widget elementor-widget-heading\" data-id=\"4118ea6\" data-element_type=\"widget\" data-e-type=\"widget\" data-widget_type=\"heading.default\">\n\t\t\t\t<div class=\"elementor-widget-container\">\n\t\t\t\t\t<h2 class=\"elementor-heading-title elementor-size-default\">RESILIENT<\/h2>\t\t\t\t<\/div>\n\t\t\t\t<\/div>\n\t\t\t\t<div class=\"elementor-element elementor-element-09b7123 elementor-widget elementor-widget-text-editor\" data-id=\"09b7123\" data-element_type=\"widget\" data-e-type=\"widget\" data-widget_type=\"text-editor.default\">\n\t\t\t\t<div class=\"elementor-widget-container\">\n\t\t\t\t\t\t\t\t\t<p>Das System hat keinen Single-Point-of-Failure, verf\u00fcgt \u00fcber einen dynamischen Geo-Faillover.<\/p>\t\t\t\t\t\t\t\t<\/div>\n\t\t\t\t<\/div>\n\t\t\t\t\t<\/div>\n\t\t<\/div>\n\t\t\t\t<div class=\"elementor-column elementor-col-25 elementor-inner-column elementor-element elementor-element-afb08dc\" data-id=\"afb08dc\" data-element_type=\"column\" data-e-type=\"column\">\n\t\t\t<div class=\"elementor-widget-wrap elementor-element-populated\">\n\t\t\t\t\t\t<div class=\"elementor-element elementor-element-5df733f elementor-widget elementor-widget-heading\" data-id=\"5df733f\" data-element_type=\"widget\" data-e-type=\"widget\" data-widget_type=\"heading.default\">\n\t\t\t\t<div class=\"elementor-widget-container\">\n\t\t\t\t\t<h2 class=\"elementor-heading-title elementor-size-default\">SICHER<\/h2>\t\t\t\t<\/div>\n\t\t\t\t<\/div>\n\t\t\t\t<div class=\"elementor-element elementor-element-90150cc elementor-widget elementor-widget-text-editor\" data-id=\"90150cc\" data-element_type=\"widget\" data-e-type=\"widget\" data-widget_type=\"text-editor.default\">\n\t\t\t\t<div class=\"elementor-widget-container\">\n\t\t\t\t\t\t\t\t\t<p>Das System bietet ein hohes Ma\u00df an Sicherheit durch eine Mehrfach-Sicherheitsarchitektur.<\/p>\t\t\t\t\t\t\t\t<\/div>\n\t\t\t\t<\/div>\n\t\t\t\t\t<\/div>\n\t\t<\/div>\n\t\t\t\t<div class=\"elementor-column elementor-col-25 elementor-inner-column elementor-element elementor-element-4f2a350\" data-id=\"4f2a350\" data-element_type=\"column\" data-e-type=\"column\">\n\t\t\t<div class=\"elementor-widget-wrap elementor-element-populated\">\n\t\t\t\t\t\t<div class=\"elementor-element elementor-element-965c649 elementor-widget elementor-widget-heading\" data-id=\"965c649\" data-element_type=\"widget\" data-e-type=\"widget\" data-widget_type=\"heading.default\">\n\t\t\t\t<div class=\"elementor-widget-container\">\n\t\t\t\t\t<h2 class=\"elementor-heading-title elementor-size-default\">LEISTUNGSSTARK<\/h2>\t\t\t\t<\/div>\n\t\t\t\t<\/div>\n\t\t\t\t<div class=\"elementor-element elementor-element-31662dd elementor-widget elementor-widget-text-editor\" data-id=\"31662dd\" data-element_type=\"widget\" data-e-type=\"widget\" data-widget_type=\"text-editor.default\">\n\t\t\t\t<div class=\"elementor-widget-container\">\n\t\t\t\t\t\t\t\t\t<p>Der PSH ist performant und verf\u00fcgt \u00fcber eine intelligente Routining Engine.<\/p>\t\t\t\t\t\t\t\t<\/div>\n\t\t\t\t<\/div>\n\t\t\t\t\t<\/div>\n\t\t<\/div>\n\t\t\t\t\t<\/div>\n\t\t<\/section>\n\t\t\t\t\t<\/div>\n\t\t<\/div>\n\t\t\t\t\t<\/div>\n\t\t<\/section>\n\t\t\t\t<section class=\"elementor-section elementor-top-section elementor-element elementor-element-ddd60b1 elementor-section-boxed elementor-section-height-default elementor-section-height-default\" data-id=\"ddd60b1\" data-element_type=\"section\" data-e-type=\"section\" id=\"our-services-psh\">\n\t\t\t\t\t\t<div class=\"elementor-container elementor-column-gap-default\">\n\t\t\t\t\t<div class=\"elementor-column elementor-col-100 elementor-top-column elementor-element elementor-element-2cd8cb2\" data-id=\"2cd8cb2\" data-element_type=\"column\" data-e-type=\"column\">\n\t\t\t<div class=\"elementor-widget-wrap elementor-element-populated\">\n\t\t\t\t\t\t<div class=\"elementor-element elementor-element-be7edc9 elementor-widget elementor-widget-heading\" data-id=\"be7edc9\" data-element_type=\"widget\" data-e-type=\"widget\" data-widget_type=\"heading.default\">\n\t\t\t\t<div class=\"elementor-widget-container\">\n\t\t\t\t\t<h2 class=\"elementor-heading-title elementor-size-default\">Vielseitiges Service-Portfolio<\/h2>\t\t\t\t<\/div>\n\t\t\t\t<\/div>\n\t\t\t\t<div class=\"elementor-element elementor-element-929a860 elementor-widget elementor-widget-text-editor\" data-id=\"929a860\" data-element_type=\"widget\" data-e-type=\"widget\" data-widget_type=\"text-editor.default\">\n\t\t\t\t<div class=\"elementor-widget-container\">\n\t\t\t\t\t\t\t\t\t<p>Leistungen<\/p>\t\t\t\t\t\t\t\t<\/div>\n\t\t\t\t<\/div>\n\t\t\t\t<section class=\"elementor-section elementor-inner-section elementor-element elementor-element-59ba52e elementor-section-boxed elementor-section-height-default elementor-section-height-default\" data-id=\"59ba52e\" data-element_type=\"section\" data-e-type=\"section\">\n\t\t\t\t\t\t<div class=\"elementor-container elementor-column-gap-default\">\n\t\t\t\t\t<div class=\"elementor-column elementor-col-25 elementor-inner-column elementor-element elementor-element-ba4ca6e\" data-id=\"ba4ca6e\" data-element_type=\"column\" data-e-type=\"column\">\n\t\t\t<div class=\"elementor-widget-wrap elementor-element-populated\">\n\t\t\t\t\t\t<div class=\"elementor-element elementor-element-03fc6fc elementor-widget elementor-widget-heading\" data-id=\"03fc6fc\" data-element_type=\"widget\" data-e-type=\"widget\" data-widget_type=\"heading.default\">\n\t\t\t\t<div class=\"elementor-widget-container\">\n\t\t\t\t\t<h2 class=\"elementor-heading-title elementor-size-default\">INTEROPERABILIT\u00c4T<\/h2>\t\t\t\t<\/div>\n\t\t\t\t<\/div>\n\t\t\t\t<div class=\"elementor-element elementor-element-3e4b9b0 elementor-widget elementor-widget-text-editor\" data-id=\"3e4b9b0\" data-element_type=\"widget\" data-e-type=\"widget\" data-widget_type=\"text-editor.default\">\n\t\t\t\t<div class=\"elementor-widget-container\">\n\t\t\t\t\t\t\t\t\t<p>Der PSH erm\u00f6glicht einen nahtlosen Informationsaustausch zwischen Systemen und erm\u00f6glicht eine einheitliche Systemsteuerung.<\/p>\t\t\t\t\t\t\t\t<\/div>\n\t\t\t\t<\/div>\n\t\t\t\t\t<\/div>\n\t\t<\/div>\n\t\t\t\t<div class=\"elementor-column elementor-col-25 elementor-inner-column elementor-element elementor-element-8419fb7\" data-id=\"8419fb7\" data-element_type=\"column\" data-e-type=\"column\">\n\t\t\t<div class=\"elementor-widget-wrap elementor-element-populated\">\n\t\t\t\t\t\t<div class=\"elementor-element elementor-element-efcac0a elementor-widget elementor-widget-heading\" data-id=\"efcac0a\" data-element_type=\"widget\" data-e-type=\"widget\" data-widget_type=\"heading.default\">\n\t\t\t\t<div class=\"elementor-widget-container\">\n\t\t\t\t\t<h2 class=\"elementor-heading-title elementor-size-default\">RESILIENZ<\/h2>\t\t\t\t<\/div>\n\t\t\t\t<\/div>\n\t\t\t\t<div class=\"elementor-element elementor-element-2ebcc1c elementor-widget elementor-widget-text-editor\" data-id=\"2ebcc1c\" data-element_type=\"widget\" data-e-type=\"widget\" data-widget_type=\"text-editor.default\">\n\t\t\t\t<div class=\"elementor-widget-container\">\n\t\t\t\t\t\t\t\t\t<p>Aufgrund von funktionaler Replikation hat der PSH die F\u00e4higkeit in Netzwerkpartitionen zu arbeiten, wenn Netzwerkprobleme dies efordern.<\/p>\t\t\t\t\t\t\t\t<\/div>\n\t\t\t\t<\/div>\n\t\t\t\t\t<\/div>\n\t\t<\/div>\n\t\t\t\t<div class=\"elementor-column elementor-col-25 elementor-inner-column elementor-element elementor-element-4c077bb\" data-id=\"4c077bb\" data-element_type=\"column\" data-e-type=\"column\">\n\t\t\t<div class=\"elementor-widget-wrap elementor-element-populated\">\n\t\t\t\t\t\t<div class=\"elementor-element elementor-element-ebf9f1b elementor-widget elementor-widget-heading\" data-id=\"ebf9f1b\" data-element_type=\"widget\" data-e-type=\"widget\" data-widget_type=\"heading.default\">\n\t\t\t\t<div class=\"elementor-widget-container\">\n\t\t\t\t\t<h2 class=\"elementor-heading-title elementor-size-default\">SKALIERBARKEIT<\/h2>\t\t\t\t<\/div>\n\t\t\t\t<\/div>\n\t\t\t\t<div class=\"elementor-element elementor-element-7ccc382 elementor-widget elementor-widget-text-editor\" data-id=\"7ccc382\" data-element_type=\"widget\" data-e-type=\"widget\" data-widget_type=\"text-editor.default\">\n\t\t\t\t<div class=\"elementor-widget-container\">\n\t\t\t\t\t\t\t\t\t<p>Eine organisationsspezifische Anpassung des PSH ist durch vertikale und horizontale Skalierbarkeit sichergestellt.<\/p>\t\t\t\t\t\t\t\t<\/div>\n\t\t\t\t<\/div>\n\t\t\t\t\t<\/div>\n\t\t<\/div>\n\t\t\t\t<div class=\"elementor-column elementor-col-25 elementor-inner-column elementor-element elementor-element-9a01d5d\" data-id=\"9a01d5d\" data-element_type=\"column\" data-e-type=\"column\">\n\t\t\t<div class=\"elementor-widget-wrap elementor-element-populated\">\n\t\t\t\t\t\t<div class=\"elementor-element elementor-element-68c158d elementor-widget elementor-widget-heading\" data-id=\"68c158d\" data-element_type=\"widget\" data-e-type=\"widget\" data-widget_type=\"heading.default\">\n\t\t\t\t<div class=\"elementor-widget-container\">\n\t\t\t\t\t<h2 class=\"elementor-heading-title elementor-size-default\">INFORMATION DISTRIBUTION<\/h2>\t\t\t\t<\/div>\n\t\t\t\t<\/div>\n\t\t\t\t<div class=\"elementor-element elementor-element-0e7951f elementor-widget elementor-widget-text-editor\" data-id=\"0e7951f\" data-element_type=\"widget\" data-e-type=\"widget\" data-widget_type=\"text-editor.default\">\n\t\t\t\t<div class=\"elementor-widget-container\">\n\t\t\t\t\t\t\t\t\t<p>Mittels intelligenter Adressierung- und Routingsengine (Application Level) werden die Daten nur an ben\u00f6tigte Empf\u00e4nger verteilt.<\/p>\t\t\t\t\t\t\t\t<\/div>\n\t\t\t\t<\/div>\n\t\t\t\t\t<\/div>\n\t\t<\/div>\n\t\t\t\t\t<\/div>\n\t\t<\/section>\n\t\t\t\t\t<\/div>\n\t\t<\/div>\n\t\t\t\t\t<\/div>\n\t\t<\/section>\n\t\t\t\t<section class=\"elementor-section elementor-top-section elementor-element elementor-element-ab088a6 elementor-section-boxed elementor-section-height-default elementor-section-height-default\" data-id=\"ab088a6\" data-element_type=\"section\" data-e-type=\"section\" id=\"contact-psh\">\n\t\t\t\t\t\t<div class=\"elementor-container elementor-column-gap-default\">\n\t\t\t\t\t<div class=\"elementor-column elementor-col-100 elementor-top-column elementor-element elementor-element-f414fc4\" data-id=\"f414fc4\" data-element_type=\"column\" data-e-type=\"column\">\n\t\t\t<div class=\"elementor-widget-wrap elementor-element-populated\">\n\t\t\t\t\t\t<div class=\"elementor-element elementor-element-c50a813 elementor-widget elementor-widget-text-editor\" data-id=\"c50a813\" data-element_type=\"widget\" data-e-type=\"widget\" data-widget_type=\"text-editor.default\">\n\t\t\t\t<div class=\"elementor-widget-container\">\n\t\t\t\t\t\t\t\t\t<p>Kontakt<\/p>\t\t\t\t\t\t\t\t<\/div>\n\t\t\t\t<\/div>\n\t\t\t\t<div class=\"elementor-element elementor-element-68cdeab elementor-widget elementor-widget-text-editor\" data-id=\"68cdeab\" data-element_type=\"widget\" data-e-type=\"widget\" data-widget_type=\"text-editor.default\">\n\t\t\t\t<div class=\"elementor-widget-container\">\n\t\t\t\t\t\t\t\t\t<p class=\"translation-block\">Bitte wenden Sie sich direkt an uns, wenn Sie Interesse an ma\u00dfgeschneiderten Sensornetzwerkl\u00f6sungen f\u00fcr Ihre Organisation oder Ideen zur Forschungskollaborationen haben.<br><br><strong>Mario Drobics<\/strong><br>Giefinggasse 4<br>1210 Vienna<br>Austria<br>+43 50 550-4810<br>mario.drobics@ait.ac.at<\/p>\t\t\t\t\t\t\t\t<\/div>\n\t\t\t\t<\/div>\n\t\t\t\t\t<\/div>\n\t\t<\/div>\n\t\t\t\t\t<\/div>\n\t\t<\/section>\n\t\t\t\t<\/div>","protected":false},"excerpt":{"rendered":"<p>COOPERATIVE DIGITAL TECHNOLOGIES Public Safety Hub The platform for seamless information exchange Why Public Safety Hub? The new Public Safety Hub (PSH) platform enables the\u00a0seamless exchange\u00a0of information between federated systems of different organizations (both military and civil IT systems). The PSH\u00a0improves the cooperation of emergency services, volunteer organizations and citizens for the effective management of&hellip;&nbsp;<a href=\"https:\/\/cooperative-digital.solutions\/de\/psh\/\" class=\"\" rel=\"bookmark\">Mehr lesen &raquo;<span class=\"screen-reader-text\">Public Safety Hub<\/span><\/a><\/p>","protected":false},"author":5,"featured_media":0,"parent":0,"menu_order":0,"comment_status":"closed","ping_status":"closed","template":"","meta":{"neve_meta_sidebar":"full-width","neve_meta_container":"","neve_meta_enable_content_width":"on","neve_meta_content_width":100,"neve_meta_title_alignment":"","neve_meta_author_avatar":"","neve_post_elements_order":"","neve_meta_disable_header":"","neve_meta_disable_footer":"","neve_meta_disable_title":"on","neve_meta_reading_time":"","_themeisle_gutenberg_block_has_review":false,"footnotes":""},"class_list":["post-3177","page","type-page","status-publish","hentry"],"_links":{"self":[{"href":"https:\/\/cooperative-digital.solutions\/de\/wp-json\/wp\/v2\/pages\/3177","targetHints":{"allow":["GET"]}}],"collection":[{"href":"https:\/\/cooperative-digital.solutions\/de\/wp-json\/wp\/v2\/pages"}],"about":[{"href":"https:\/\/cooperative-digital.solutions\/de\/wp-json\/wp\/v2\/types\/page"}],"author":[{"embeddable":true,"href":"https:\/\/cooperative-digital.solutions\/de\/wp-json\/wp\/v2\/users\/5"}],"replies":[{"embeddable":true,"href":"https:\/\/cooperative-digital.solutions\/de\/wp-json\/wp\/v2\/comments?post=3177"}],"version-history":[{"count":50,"href":"https:\/\/cooperative-digital.solutions\/de\/wp-json\/wp\/v2\/pages\/3177\/revisions"}],"predecessor-version":[{"id":3778,"href":"https:\/\/cooperative-digital.solutions\/de\/wp-json\/wp\/v2\/pages\/3177\/revisions\/3778"}],"wp:attachment":[{"href":"https:\/\/cooperative-digital.solutions\/de\/wp-json\/wp\/v2\/media?parent=3177"}],"curies":[{"name":"wp","href":"https:\/\/api.w.org\/{rel}","templated":true}]}}