{"id":3247,"date":"2020-08-24T09:09:25","date_gmt":"2020-08-24T09:09:25","guid":{"rendered":"https:\/\/cooperative-digital.solutions\/?page_id=3247"},"modified":"2020-08-24T09:09:26","modified_gmt":"2020-08-24T09:09:26","slug":"custom-analysis","status":"publish","type":"page","link":"https:\/\/cooperative-digital.solutions\/de\/custom-analysis\/","title":{"rendered":"Kundenorientierte Analysen"},"content":{"rendered":"<section class=\"wp-block-themeisle-blocks-advanced-columns alignfull has-1-columns has-desktop-equal-layout has-tablet-equal-layout has-mobile-equal-layout has-nogap-gap has-vertical-center\" id=\"wp-block-themeisle-blocks-advanced-columns-a241f2a5\"><div class=\"wp-block-themeisle-blocks-advanced-columns-overlay\"><\/div><div class=\"innerblocks-wrap\">\n<div class=\"wp-block-themeisle-blocks-advanced-column\" id=\"wp-block-themeisle-blocks-advanced-column-397f5e2e\">\n<h1 id=\"wp-block-themeisle-blocks-advanced-heading-469a7a23\" class=\"wp-block-themeisle-blocks-advanced-heading wp-block-themeisle-blocks-advanced-heading-469a7a23\">Kundenorientierte Analysen<\/h1>\n\n\n\n<div style=\"height:20px\" aria-hidden=\"true\" class=\"wp-block-spacer\"><\/div>\n\n\n\n<p>EMIKAT als flexibles Datenmanagementsystem f\u00fcr Emissions- und Energiebilanzen sowie \u201ewhat-if\u201c-Szenario Simulationen und Auswertungen. EMIKAT erm\u00f6glicht es den Nutzern, Abfragen und Auswertungen nach ihren Bed\u00fcrfnissen zu definieren. Folgende Parameter k\u00f6nnen ausgewertet werden: einzelne Schadstoffe und Schadstoffgruppen, Emissionsquellenkategorien und Gro\u00dfanlagen als Einzelquellen, der Endenergieverbrauch in verschiedenen Verbrauchssektoren, Verwaltungseinheiten (Bezirke, Gemeinden, Provinzen) und die r\u00e4umliche Verteilung in benutzerdefinierten Netzen (z.B. von 100x100m in St\u00e4dten bis 500x500m in Provinzen), zeitliche Muster basierend auf Monaten und Jahreszeiten, Energiequellen (z.B. fossile, erneuerbare); Brennstoffarten (z.B. fl\u00fcssig, fest, gasf\u00f6rmig); Verbrauchssektoren (z.B. Produktion, Heizung, Traktion), Darstellung in Tabellen und Karten sowie Online-Datenausgabe mit EXCEL zur schnellen Diagrammerstellung durch Nicht-Experten.<\/p>\n\n\n\n<p><\/p>\n\n\n\n<div class=\"wp-block-buttons aligncenter is-layout-flex wp-block-buttons-is-layout-flex\"><\/div>\n<\/div>\n<\/div><\/section>\n\n\n\n<p><\/p>","protected":false},"excerpt":{"rendered":"","protected":false},"author":5,"featured_media":0,"parent":0,"menu_order":0,"comment_status":"closed","ping_status":"closed","template":"","meta":{"neve_meta_sidebar":"full-width","neve_meta_container":"","neve_meta_enable_content_width":"on","neve_meta_content_width":100,"neve_meta_title_alignment":"","neve_meta_author_avatar":"","neve_post_elements_order":"","neve_meta_disable_header":"","neve_meta_disable_footer":"","neve_meta_disable_title":"on","neve_meta_reading_time":"","_themeisle_gutenberg_block_has_review":false,"footnotes":""},"class_list":["post-3247","page","type-page","status-publish","hentry"],"_links":{"self":[{"href":"https:\/\/cooperative-digital.solutions\/de\/wp-json\/wp\/v2\/pages\/3247","targetHints":{"allow":["GET"]}}],"collection":[{"href":"https:\/\/cooperative-digital.solutions\/de\/wp-json\/wp\/v2\/pages"}],"about":[{"href":"https:\/\/cooperative-digital.solutions\/de\/wp-json\/wp\/v2\/types\/page"}],"author":[{"embeddable":true,"href":"https:\/\/cooperative-digital.solutions\/de\/wp-json\/wp\/v2\/users\/5"}],"replies":[{"embeddable":true,"href":"https:\/\/cooperative-digital.solutions\/de\/wp-json\/wp\/v2\/comments?post=3247"}],"version-history":[{"count":1,"href":"https:\/\/cooperative-digital.solutions\/de\/wp-json\/wp\/v2\/pages\/3247\/revisions"}],"predecessor-version":[{"id":3254,"href":"https:\/\/cooperative-digital.solutions\/de\/wp-json\/wp\/v2\/pages\/3247\/revisions\/3254"}],"wp:attachment":[{"href":"https:\/\/cooperative-digital.solutions\/de\/wp-json\/wp\/v2\/media?parent=3247"}],"curies":[{"name":"wp","href":"https:\/\/api.w.org\/{rel}","templated":true}]}}