{"id":5,"date":"2020-01-13T11:17:52","date_gmt":"2020-01-13T11:17:52","guid":{"rendered":"https:\/\/demosites.io\/web-agency-gb\/?page_id=5"},"modified":"2022-03-14T14:37:38","modified_gmt":"2022-03-14T14:37:38","slug":"d41d8-web-agency-gb-home","status":"publish","type":"page","link":"https:\/\/cooperative-digital.solutions\/de\/","title":{"rendered":"cdt solutions"},"content":{"rendered":"<div data-elementor-type=\"wp-page\" data-elementor-id=\"5\" class=\"elementor elementor-5\" data-elementor-post-type=\"page\">\n\t\t\t\t\t\t<section class=\"elementor-section elementor-top-section elementor-element elementor-element-edc1d52 elementor-section-full_width elementor-section-height-min-height elementor-section-stretched elementor-section-height-default elementor-section-items-middle\" data-id=\"edc1d52\" data-element_type=\"section\" data-e-type=\"section\" data-settings=\"{&quot;stretch_section&quot;:&quot;section-stretched&quot;,&quot;background_background&quot;:&quot;classic&quot;}\">\n\t\t\t\t\t\t<div class=\"elementor-container elementor-column-gap-default\">\n\t\t\t\t\t<div class=\"elementor-column elementor-col-100 elementor-top-column elementor-element elementor-element-74a3a44\" data-id=\"74a3a44\" data-element_type=\"column\" data-e-type=\"column\">\n\t\t\t<div class=\"elementor-widget-wrap elementor-element-populated\">\n\t\t\t\t\t\t<div class=\"elementor-element elementor-element-2acc596 elementor-widget elementor-widget-heading\" data-id=\"2acc596\" data-element_type=\"widget\" data-e-type=\"widget\" data-widget_type=\"heading.default\">\n\t\t\t\t<div class=\"elementor-widget-container\">\n\t\t\t\t\t<h2 class=\"elementor-heading-title elementor-size-default\">COOPERATIVE DIGITAL TECHNOLOGIES<\/h2>\t\t\t\t<\/div>\n\t\t\t\t<\/div>\n\t\t\t\t<div class=\"elementor-element elementor-element-1ba1be8 elementor-widget elementor-widget-heading\" data-id=\"1ba1be8\" data-element_type=\"widget\" data-e-type=\"widget\" data-widget_type=\"heading.default\">\n\t\t\t\t<div class=\"elementor-widget-container\">\n\t\t\t\t\t<h1 class=\"elementor-heading-title elementor-size-default translation-block\">Die besten AIT-L\u00f6sungen<br>vereint an einem Ort<\/h1>\t\t\t\t<\/div>\n\t\t\t\t<\/div>\n\t\t\t\t<div class=\"elementor-element elementor-element-0e96c59 elementor-align-center elementor-widget__width-auto elementor-widget elementor-widget-button\" data-id=\"0e96c59\" data-element_type=\"widget\" data-e-type=\"widget\" data-widget_type=\"button.default\">\n\t\t\t\t<div class=\"elementor-widget-container\">\n\t\t\t\t\t\t\t\t\t<div class=\"elementor-button-wrapper\">\n\t\t\t\t\t<a class=\"elementor-button elementor-button-link elementor-size-xs\" href=\"https:\/\/cooperative-digital.solutions\/de\/psh\/\">\n\t\t\t\t\t\t<span class=\"elementor-button-content-wrapper\">\n\t\t\t\t\t\t\t\t\t<span class=\"elementor-button-text\">PSH<\/span>\n\t\t\t\t\t<\/span>\n\t\t\t\t\t<\/a>\n\t\t\t\t<\/div>\n\t\t\t\t\t\t\t\t<\/div>\n\t\t\t\t<\/div>\n\t\t\t\t<div class=\"elementor-element elementor-element-ae11209 elementor-align-center elementor-widget__width-auto elementor-widget elementor-widget-button\" data-id=\"ae11209\" data-element_type=\"widget\" data-e-type=\"widget\" data-widget_type=\"button.default\">\n\t\t\t\t<div class=\"elementor-widget-container\">\n\t\t\t\t\t\t\t\t\t<div class=\"elementor-button-wrapper\">\n\t\t\t\t\t<a class=\"elementor-button elementor-button-link elementor-size-xs\" href=\"https:\/\/cooperative-digital.solutions\/de\/emikat\/\">\n\t\t\t\t\t\t<span class=\"elementor-button-content-wrapper\">\n\t\t\t\t\t\t\t\t\t<span class=\"elementor-button-text\">EMIKAT<\/span>\n\t\t\t\t\t<\/span>\n\t\t\t\t\t<\/a>\n\t\t\t\t<\/div>\n\t\t\t\t\t\t\t\t<\/div>\n\t\t\t\t<\/div>\n\t\t\t\t<div class=\"elementor-element elementor-element-f0c8947 elementor-align-center elementor-widget__width-auto elementor-widget elementor-widget-button\" data-id=\"f0c8947\" data-element_type=\"widget\" data-e-type=\"widget\" data-widget_type=\"button.default\">\n\t\t\t\t<div class=\"elementor-widget-container\">\n\t\t\t\t\t\t\t\t\t<div class=\"elementor-button-wrapper\">\n\t\t\t\t\t<a class=\"elementor-button elementor-button-link elementor-size-xs\" href=\"https:\/\/cooperative-digital.solutions\/de\/uwedat\/\">\n\t\t\t\t\t\t<span class=\"elementor-button-content-wrapper\">\n\t\t\t\t\t\t\t\t\t<span class=\"elementor-button-text\">UWEDAT<\/span>\n\t\t\t\t\t<\/span>\n\t\t\t\t\t<\/a>\n\t\t\t\t<\/div>\n\t\t\t\t\t\t\t\t<\/div>\n\t\t\t\t<\/div>\n\t\t\t\t\t<\/div>\n\t\t<\/div>\n\t\t\t\t\t<\/div>\n\t\t<\/section>\n\t\t\t\t<section class=\"elementor-section elementor-top-section elementor-element elementor-element-7ed0ea9 elementor-section-boxed elementor-section-height-default elementor-section-height-default\" data-id=\"7ed0ea9\" data-element_type=\"section\" data-e-type=\"section\">\n\t\t\t\t\t\t<div class=\"elementor-container elementor-column-gap-default\">\n\t\t\t\t\t<div class=\"elementor-column elementor-col-100 elementor-top-column elementor-element elementor-element-d6582ca\" data-id=\"d6582ca\" data-element_type=\"column\" data-e-type=\"column\">\n\t\t\t<div class=\"elementor-widget-wrap elementor-element-populated\">\n\t\t\t\t\t\t<div class=\"elementor-element elementor-element-360ff13 elementor-widget elementor-widget-heading\" data-id=\"360ff13\" data-element_type=\"widget\" data-e-type=\"widget\" data-widget_type=\"heading.default\">\n\t\t\t\t<div class=\"elementor-widget-container\">\n\t\t\t\t\t<h2 class=\"elementor-heading-title elementor-size-default\">Die Zukunft sicher gestalten mit Cooperative Digital Innovations<\/h2>\t\t\t\t<\/div>\n\t\t\t\t<\/div>\n\t\t\t\t<div class=\"elementor-element elementor-element-5744ab6 elementor-widget elementor-widget-text-editor\" data-id=\"5744ab6\" data-element_type=\"widget\" data-e-type=\"widget\" data-widget_type=\"text-editor.default\">\n\t\t\t\t<div class=\"elementor-widget-container\">\n\t\t\t\t\t\t\t\t\t<p class=\"translation-block\">Wir befinden uns heute erstmals in einer Zeit, in welcher der immense <strong>technologische Fortschritt<\/strong> uns bef\u00e4higen kann, die gro\u00dfen offenen Probleme der Menschheit zu l\u00f6sen. <strong>Globale Vernetzung, komplexe Infrastrukturen, riesige Datenmengen<\/strong> und aufkommende <strong>K\u00fcnstliche Intelligenz<\/strong> fordern uns aber gleichzeitig in einem noch nie da gewesenen Ausma\u00df heraus. Die Competence Unit Cooperative Digital Innovations des Austrian Institute of Technology (AIT) agiert mit Technologieentwicklungen an den Brennpunkten unserer postindustriellen, hoch digitalisierten und vernetzten Wissensgesellschaft. Mit Open Innovation, wertebasiertem Design-Thinking zur Einl\u00f6sung von vorbildlichen gesellschaftlichen Normen der Technologieanwendung, und mit \u00fcberzeugter Co-Kreation k\u00f6nnen genau jene \u00d6kosysteme entstehen, die es braucht, um die <strong>Probleme der Zukunft<\/strong> bearbeiten zu k\u00f6nnen. Das AIT versteht daher Innovation als eine Selektion zum Guten, welche die zentralen Bed\u00fcrfnisse der Anwender*innen und Bedarfstr\u00e4ger*innen von fortschrittlichen Sicherheitstechnologien zum unwiderruflichen Ausgangspunkt jeder Forschungsleistung machen.<\/p>\t\t\t\t\t\t\t\t<\/div>\n\t\t\t\t<\/div>\n\t\t\t\t<div class=\"elementor-element elementor-element-7198d07 elementor-widget elementor-widget-image\" data-id=\"7198d07\" data-element_type=\"widget\" data-e-type=\"widget\" data-widget_type=\"image.default\">\n\t\t\t\t<div class=\"elementor-widget-container\">\n\t\t\t\t\t\t\t\t\t\t\t\t\t\t\t\t<a href=\"https:\/\/cooperative-digital.solutions\/wp-content\/uploads\/2020\/08\/Grafik-CDT.png\" data-elementor-open-lightbox=\"yes\" data-elementor-lightbox-title=\"Grafik-CDT\" data-e-action-hash=\"#elementor-action%3Aaction%3Dlightbox%26settings%3DeyJpZCI6Mjk3NCwidXJsIjoiaHR0cHM6XC9cL2Nvb3BlcmF0aXZlLWRpZ2l0YWwuc29sdXRpb25zXC93cC1jb250ZW50XC91cGxvYWRzXC8yMDIwXC8wOFwvR3JhZmlrLUNEVC5wbmcifQ%3D%3D\">\n\t\t\t\t\t\t\t<img fetchpriority=\"high\" decoding=\"async\" width=\"1031\" height=\"319\" src=\"https:\/\/cooperative-digital.solutions\/wp-content\/uploads\/2020\/08\/Grafik-CDT.png\" class=\"attachment-full size-full wp-image-2974\" alt=\"CDT Workflow\" srcset=\"https:\/\/cooperative-digital.solutions\/wp-content\/uploads\/2020\/08\/Grafik-CDT.png 1031w, https:\/\/cooperative-digital.solutions\/wp-content\/uploads\/2020\/08\/Grafik-CDT-300x93.png 300w, https:\/\/cooperative-digital.solutions\/wp-content\/uploads\/2020\/08\/Grafik-CDT-1024x317.png 1024w, https:\/\/cooperative-digital.solutions\/wp-content\/uploads\/2020\/08\/Grafik-CDT-768x238.png 768w\" sizes=\"(max-width: 1031px) 100vw, 1031px\" \/>\t\t\t\t\t\t\t\t<\/a>\n\t\t\t\t\t\t\t\t\t\t\t\t\t\t\t<\/div>\n\t\t\t\t<\/div>\n\t\t\t\t\t<\/div>\n\t\t<\/div>\n\t\t\t\t\t<\/div>\n\t\t<\/section>\n\t\t\t\t<section class=\"elementor-section elementor-top-section elementor-element elementor-element-fe49bfe elementor-section-stretched elementor-section-boxed elementor-section-height-default elementor-section-height-default\" data-id=\"fe49bfe\" data-element_type=\"section\" data-e-type=\"section\" data-settings=\"{&quot;stretch_section&quot;:&quot;section-stretched&quot;,&quot;background_background&quot;:&quot;classic&quot;}\">\n\t\t\t\t\t\t<div class=\"elementor-container elementor-column-gap-default\">\n\t\t\t\t\t<div class=\"elementor-column elementor-col-100 elementor-top-column elementor-element elementor-element-8ede958\" data-id=\"8ede958\" data-element_type=\"column\" data-e-type=\"column\">\n\t\t\t<div class=\"elementor-widget-wrap elementor-element-populated\">\n\t\t\t\t\t\t<div class=\"elementor-element elementor-element-f67ded0 elementor-widget elementor-widget-heading\" data-id=\"f67ded0\" data-element_type=\"widget\" data-e-type=\"widget\" data-widget_type=\"heading.default\">\n\t\t\t\t<div class=\"elementor-widget-container\">\n\t\t\t\t\t<h2 class=\"elementor-heading-title elementor-size-default\">AIT AUSTRIAN INSTITUTE OF TECHNOLOGY\n<\/h2>\t\t\t\t<\/div>\n\t\t\t\t<\/div>\n\t\t\t\t<div class=\"elementor-element elementor-element-247d96b elementor-widget elementor-widget-text-editor\" data-id=\"247d96b\" data-element_type=\"widget\" data-e-type=\"widget\" data-widget_type=\"text-editor.default\">\n\t\t\t\t<div class=\"elementor-widget-container\">\n\t\t\t\t\t\t\t\t\t<p>Unsere L\u00f6sungen<\/p>\t\t\t\t\t\t\t\t<\/div>\n\t\t\t\t<\/div>\n\t\t\t\t<section class=\"elementor-section elementor-inner-section elementor-element elementor-element-e5bfa26 elementor-section-boxed elementor-section-height-default elementor-section-height-default\" data-id=\"e5bfa26\" data-element_type=\"section\" data-e-type=\"section\">\n\t\t\t\t\t\t<div class=\"elementor-container elementor-column-gap-default\">\n\t\t\t\t\t<div class=\"elementor-column elementor-col-100 elementor-inner-column elementor-element elementor-element-7261816\" data-id=\"7261816\" data-element_type=\"column\" data-e-type=\"column\">\n\t\t\t<div class=\"elementor-widget-wrap elementor-element-populated\">\n\t\t\t\t\t\t<div class=\"elementor-element elementor-element-cbf4b5d elementor-widget elementor-widget-text-editor\" data-id=\"cbf4b5d\" data-element_type=\"widget\" data-e-type=\"widget\" data-widget_type=\"text-editor.default\">\n\t\t\t\t<div class=\"elementor-widget-container\">\n\t\t\t\t\t\t\t\t\t<p>From <b>strategic to operative decision-making<\/b> support, AITs <b>Cooperative Digital Technologies<\/b> Competence Unit is committed to provide a holistic portfolio for the effective resolution of environment and climate-related matters as well as public safety and civil protection.<\/p>\t\t\t\t\t\t\t\t<\/div>\n\t\t\t\t<\/div>\n\t\t\t\t<div class=\"elementor-element elementor-element-7fe4e4d elementor-widget-divider--view-line elementor-widget elementor-widget-divider\" data-id=\"7fe4e4d\" data-element_type=\"widget\" data-e-type=\"widget\" data-widget_type=\"divider.default\">\n\t\t\t\t<div class=\"elementor-widget-container\">\n\t\t\t\t\t\t\t<div class=\"elementor-divider\">\n\t\t\t<span class=\"elementor-divider-separator\">\n\t\t\t\t\t\t<\/span>\n\t\t<\/div>\n\t\t\t\t\t\t<\/div>\n\t\t\t\t<\/div>\n\t\t\t\t<div class=\"elementor-element elementor-element-d5ca496 elementor-widget elementor-widget-text-editor\" data-id=\"d5ca496\" data-element_type=\"widget\" data-e-type=\"widget\" data-widget_type=\"text-editor.default\">\n\t\t\t\t<div class=\"elementor-widget-container\">\n\t\t\t\t\t\t\t\t\t<p class=\"translation-block\">Der neue <strong>Public Safety Hub (PSH)<\/strong> erm\u00f6glicht den <strong>nahtlosen Austausch<\/strong> von Informationen zwischen den Systemen <strong>verschiedener Organisationen<\/strong> (milit\u00e4rische und zivile IT-Systeme). Der PSH verbessert die Zusammenarbeit von Rettungsdiensten, Freiwilligenorganisationen und B\u00fcrgern f\u00fcr ein <strong>effektives Katastrophenmanagement<\/strong>.<\/p>\t\t\t\t\t\t\t\t<\/div>\n\t\t\t\t<\/div>\n\t\t\t\t<div class=\"elementor-element elementor-element-1a8766d elementor-widget-divider--view-line elementor-widget elementor-widget-divider\" data-id=\"1a8766d\" data-element_type=\"widget\" data-e-type=\"widget\" data-widget_type=\"divider.default\">\n\t\t\t\t<div class=\"elementor-widget-container\">\n\t\t\t\t\t\t\t<div class=\"elementor-divider\">\n\t\t\t<span class=\"elementor-divider-separator\">\n\t\t\t\t\t\t<\/span>\n\t\t<\/div>\n\t\t\t\t\t\t<\/div>\n\t\t\t\t<\/div>\n\t\t\t\t<div class=\"elementor-element elementor-element-99ac3b5 elementor-widget elementor-widget-text-editor\" data-id=\"99ac3b5\" data-element_type=\"widget\" data-e-type=\"widget\" data-widget_type=\"text-editor.default\">\n\t\t\t\t<div class=\"elementor-widget-container\">\n\t\t\t\t\t\t\t\t\t<p class=\"translation-block\"><strong>EMIKAT<\/strong> ist ein hochwertiges <strong>Datenmanagement und -analysesystem<\/strong>, das detaillierte Emissions- und Energieinventare liefert und eine fundierte Entscheidungsfindung zur Verminderung der Freisetzung von Luftschadstoffen erm\u00f6glicht. Das System kann zur Berechnung und Visualisierung aktueller und zuk\u00fcnftiger <strong>\u201cwhat if\u201d-Szenarien<\/strong> von Umweltauswirkungen verwendet werden.<\/p>\t\t\t\t\t\t\t\t<\/div>\n\t\t\t\t<\/div>\n\t\t\t\t<div class=\"elementor-element elementor-element-78cccd2 elementor-widget-divider--view-line elementor-widget elementor-widget-divider\" data-id=\"78cccd2\" data-element_type=\"widget\" data-e-type=\"widget\" data-widget_type=\"divider.default\">\n\t\t\t\t<div class=\"elementor-widget-container\">\n\t\t\t\t\t\t\t<div class=\"elementor-divider\">\n\t\t\t<span class=\"elementor-divider-separator\">\n\t\t\t\t\t\t<\/span>\n\t\t<\/div>\n\t\t\t\t\t\t<\/div>\n\t\t\t\t<\/div>\n\t\t\t\t<div class=\"elementor-element elementor-element-868d2f1 elementor-widget elementor-widget-text-editor\" data-id=\"868d2f1\" data-element_type=\"widget\" data-e-type=\"widget\" data-widget_type=\"text-editor.default\">\n\t\t\t\t<div class=\"elementor-widget-container\">\n\t\t\t\t\t\t\t\t\t<p class=\"translation-block\"><strong>UWEDAT<\/strong> ist eine auf Basis langj\u00e4hriger Betriebserfahrung erstellte <strong>Sensorl\u00f6sung<\/strong> als robustes, aber flexibles <strong>Hochleistungssystem<\/strong>, das laufend mit Erkenntnissen aus unserer <strong>wissenschaftlichen Arbeit<\/strong> erweitert wird. UWEDAT schafft als einzige L\u00f6sung den Spagat zwischen einer station\u00e4ren zertifizierten <strong>\u201eFit for purpose\u201c<\/strong>-L\u00f6sung und einer modernen Toolbox, die auch offen f\u00fcr andere Branchen, andere Messhardware und die Integration von Fl\u00e4chendaten ist.<\/p>\t\t\t\t\t\t\t\t<\/div>\n\t\t\t\t<\/div>\n\t\t\t\t\t<\/div>\n\t\t<\/div>\n\t\t\t\t\t<\/div>\n\t\t<\/section>\n\t\t\t\t\t<\/div>\n\t\t<\/div>\n\t\t\t\t\t<\/div>\n\t\t<\/section>\n\t\t\t\t<\/div>","protected":false},"excerpt":{"rendered":"<p>COOPERATIVE DIGITAL TECHNOLOGIES The best AIT solutionsbrought together in one place PSH EMIKAT UWEDAT Creating a safe future with Cooperative Digital Technologies Today, for the first time, we find ourselves at a time in which immense technological progress can enable us to\u00a0solve the great open problems\u00a0of mankind. At the same time, global networking, complex infrastructures,&hellip;&nbsp;<a href=\"https:\/\/cooperative-digital.solutions\/de\/\" class=\"\" rel=\"bookmark\">Mehr lesen &raquo;<span class=\"screen-reader-text\">cdt solutions<\/span><\/a><\/p>","protected":false},"author":5,"featured_media":0,"parent":0,"menu_order":0,"comment_status":"closed","ping_status":"closed","template":"","meta":{"neve_meta_sidebar":"full-width","neve_meta_container":"","neve_meta_enable_content_width":"on","neve_meta_content_width":89,"neve_meta_title_alignment":"","neve_meta_author_avatar":"","neve_post_elements_order":"","neve_meta_disable_header":"","neve_meta_disable_footer":"","neve_meta_disable_title":"on","neve_meta_reading_time":"","_themeisle_gutenberg_block_has_review":false,"footnotes":""},"class_list":["post-5","page","type-page","status-publish","hentry"],"_links":{"self":[{"href":"https:\/\/cooperative-digital.solutions\/de\/wp-json\/wp\/v2\/pages\/5","targetHints":{"allow":["GET"]}}],"collection":[{"href":"https:\/\/cooperative-digital.solutions\/de\/wp-json\/wp\/v2\/pages"}],"about":[{"href":"https:\/\/cooperative-digital.solutions\/de\/wp-json\/wp\/v2\/types\/page"}],"author":[{"embeddable":true,"href":"https:\/\/cooperative-digital.solutions\/de\/wp-json\/wp\/v2\/users\/5"}],"replies":[{"embeddable":true,"href":"https:\/\/cooperative-digital.solutions\/de\/wp-json\/wp\/v2\/comments?post=5"}],"version-history":[{"count":74,"href":"https:\/\/cooperative-digital.solutions\/de\/wp-json\/wp\/v2\/pages\/5\/revisions"}],"predecessor-version":[{"id":3785,"href":"https:\/\/cooperative-digital.solutions\/de\/wp-json\/wp\/v2\/pages\/5\/revisions\/3785"}],"wp:attachment":[{"href":"https:\/\/cooperative-digital.solutions\/de\/wp-json\/wp\/v2\/media?parent=5"}],"curies":[{"name":"wp","href":"https:\/\/api.w.org\/{rel}","templated":true}]}}